{"id":117,"date":"2021-02-09T14:35:27","date_gmt":"2021-02-09T14:35:27","guid":{"rendered":"http:\/\/www.immobilien-schreiber.com\/2021\/?page_id=117"},"modified":"2024-06-10T12:54:52","modified_gmt":"2024-06-10T12:54:52","slug":"agb","status":"publish","type":"page","link":"https:\/\/www.immobilien-schreiber.com\/2021\/agb\/","title":{"rendered":"AGB"},"content":{"rendered":"<div class=\"flex_column av_one_full  flex_column_div av-zero-column-padding first  avia-builder-el-0  avia-builder-el-no-sibling  \" style='border-radius:0px; '><section class=\"av_textblock_section \"  itemscope=\"itemscope\" itemtype=\"https:\/\/schema.org\/CreativeWork\" ><div class='avia_textblock  '   itemprop=\"text\" ><div class=\"breadcrumbs-internal \">\u00a0<\/div>\n<div id=\"post\" class=\"is_page nine columns alpha shadowonleft agentborder \">\n<div class=\"inside_post inside_no_border \">\n<h1 class=\"entry-title\">Allgemeine Gesch\u00e4ftsbedingungen<\/h1>\n<p>Unsere T\u00e4tigkeit erfolgt im Rahmen der \u00a7\u00a7 652 ff des BGB. Unsere T\u00e4tigkeit ist auf den Nachweis oder\/und die Vermittlung von Vertr\u00e4gen gerichtet.<\/p>\n<p><strong>1. Maklervertrag<\/strong><\/p>\n<p>Mit Inanspruchnahme der Nachweis- \/ Vermittlungst\u00e4tigkeit, bzw. mit der Anforderung eines Expos\u00e9s, Objektbesichtigung oder Aufnahme von Verhandlungen mit dem Verk\u00e4ufer \/ Vermieter eines von der J\u00fcrgen Schreiber Immobilien angebotenen Objekte kommt ein Maklervertrag mit dem Miet- bzw. Kaufinteressenten zu den nachfolgenden Gesch\u00e4ftsbedingungen zustande.<\/p>\n<p><strong>2. Angebot<\/strong> \u00a0 Unseren Angeboten liegen die uns erteilten Ausk\u00fcnfte des Eigent\u00fcmers, Besitzers oder Verwalters zugrunde. Die Angebote werden nach bestem Wissen und Gewissen erteilt. Sie sind freibleibend und unverbindlich. Irrtum, Zwischenverkauf bzw. Zwischenvermietung bleiben vorbehalten<\/p>\n<p><strong>3.\u00a0Weitergabe von Informationen und Unterlagen<\/strong><\/p>\n<p>Unsere Angebote und Mitteilungen sind nur f\u00fcr den Empf\u00e4nger selber bestimmt, sie sind vertraulich zu behandeln und d\u00fcrfen Dritten nicht zug\u00e4ngig gemacht werden. Kommt infolge unbefugter Weitergabe ein Vertrag mit diesen Dritten zustande, so f\u00fchrt dies ebenfalls zu einem Provisionsanspruch unsererseits in voller H\u00f6he.<\/p>\n<p><strong>4. Doppelt\u00e4tigkeit<\/strong><\/p>\n<p>J\u00fcrgen Schreiber Immobilien ist berechtigt, auch f\u00fcr den anderen Vertragsteil entgeltlich t\u00e4tig zu werden.<\/p>\n<p><strong>5. Provision\u00a0\u00a0\u00a0\u00a0\u00a0<\/strong><\/p>\n<p><strong>\u00a0\u00a0<\/strong>Unsere Maklerprovision ist verdient, sofern durch unsere Nachweis- oder Vermittlungst\u00e4tigkeit ein Vertrag zustande kommt. Diese Provision betr\u00e4gt:<\/p>\n<ul>\n<li>Beim An- und Verkauf von Haus- und Grundbesitz und von Eigentumswohnungen, berechnet vom vertraglich vereinbarten Gesamtkaufpreis, von K\u00e4ufer und Verk\u00e4ufer je 3,57% inkl. MwSt.<\/li>\n<li>Erbbaurecht, berechnet vom Wert des Grundst\u00fccks und etwa bestehenden Aufbauten, vom Grundst\u00fcckseigent\u00fcmer und Erbberechtigten je 3,57% inkl. MwSt.<\/li>\n<\/ul>\n<p>Bei Vermietung\/Verpachtung<\/p>\n<ul>\n<li>bei Wohnr\u00e4umen 2,38 Monatsmieten inkl. MwSt. vom Besteller<\/li>\n<li>Bei Gewerber\u00e4umen, bei einer Vertragsdauer bis zu 5 Jahren, Mindestsumme 3,57 Monatsmieten inkl. MwSt.<\/li>\n<li>Bei einer Vertragsdauer \u00fcber 5 Jahre von der Vertragssumme, h\u00f6chstens jedoch aus der 10-Jahres-Mietsumme 3,57% inkl. MwSt.<\/li>\n<li>Vormietrecht und Optionsrecht, unabh\u00e4ngig von der tats\u00e4chlich vereinbarten Dauer aus der 5-Jahres-Mietsumme 3,57% inkl. MwSt.<\/li>\n<li>Die gesamten Provisionss\u00e4tze verstehen sich inklusive der am Tage der Rechnungslegung geltenden gesetzlichen 19% Mehrwertsteuer.<\/li>\n<li>Die Provision ist f\u00fcr den Nachweis oder die Vermittlung zu zahlen. Sie ist f\u00e4llig mit dem Abschluss des Vertrages. Miturs\u00e4chlichkeit gen\u00fcgt. Sie ist zahlbar 8 Tage nach Rechnungslegung.<\/li>\n<li>Der Provisionsanspruch bleibt auch bestehen, wenn der abgeschlossene Vertrag durch Eintritt einer aufl\u00f6senden Bedingung erlischt oder aufgrund eines R\u00fccktrittsvorbehaltes oder aus sonstigem Grund gegenstandslos oder nicht erf\u00fcllt wird.<\/li>\n<li>Der Provisionsanspruch entsteht auch dann, wenn der Auftraggeber den erhaltenen Nachweis an einen Dritten weitergibt und dieser den Kaufvertrag abschlie\u00dft.<\/li>\n<li>Die Provision errechnet sich aus dem Kaufpreis bzw. dem Gesamtwert des Vertrages, einschlie\u00dflich etwaiger Einrichtungsabl\u00f6se, Hypotheken\u00fcbernahme etc.<\/li>\n<li>Falls der Auftraggeber seine Verkaufs-\/Vermietungsabsicht w\u00e4hrend der Vertragslaufzeit aufgibt, hat der Makler Anspruch auf Ersatz nachgewiesener Aufwendungen, die sich unmittelbar aus der Auftragsbearbeitung ergeben, wie z.B. f\u00fcr Inserate, Expos\u00e9s, Telefon, Telefax, Porti, etwaige Eingabekosten ins Internet und in \u00e4hnliche Kommunikationsdienste sowie Kosten f\u00fcr Besichtigungsfahrten. Abweichend hiervon kann der Makler seine Aufwendungen pauschal mit 10% des Maklerhonorars zzgl. MwSt berechnen \u00a0mit dem Hinweis, dass der Auftraggeber berechtigt ist, nachzuweisen dass die tats\u00e4chlichen Kosten geringer waren. Der Aufwendungsersatz ist f\u00e4llig mit Beendigung dieses Auftrages.<\/li>\n<\/ul>\n<p><strong>6. Gleichwertigkeit<\/strong><\/p>\n<p>Dem Abschluss eines Kaufvertrages entsprechen der Erwerb des Objektes im Wege der Zwangsversteigerung, die \u00dcbertragung von realen oder ideellen Anteilen sowie der Erwerb eines anderen, vergleichbaren Objektes des Verk\u00e4ufers. Kommen andere Vertr\u00e4ge oder Vereinbarungen in einer wie auch immer gearteten Form zustande als im Angebot genannt, so wird daf\u00fcr unsere Provision f\u00e4llig.<\/p>\n<p><strong>7. Haftung<\/strong><\/p>\n<p>Alle Angaben zum Objekt basieren auf erteilten Ausk\u00fcnften und Informationen Dritter. F\u00fcr die Richtigkeit oder Vollst\u00e4ndigkeit der Angaben kann deshalb keine Haftung \u00fcbernommen werden. Die versandten Expos\u00e9s und sonstigen Unterlagen stellen lediglich eine unverbindliche Vorabinformation dar. Die Haftung von J\u00fcrgen Schreiber Immobilien ist ausschlie\u00dflich auf vors\u00e4tzliches oder grob fahrl\u00e4ssiges Verhalten beschr\u00e4nkt. Als Rechtsgrundlage gilt allein der notariell abgeschlossene Kaufvertrag.<\/p>\n<p><strong>8. Schadenersatz<\/strong><\/p>\n<p>Alle Angebote in Form von Offerten bzw. Expos\u00e9s sind streng vertraulich und nur f\u00fcr den eigenen Gebrauch bestimmt. Der Interessent haftet gegen\u00fcber J\u00fcrgen Schreiber Immobilien in H\u00f6he der vereinbarten Courtage, sofern dieser vors\u00e4tzlich oder fahrl\u00e4ssig das f\u00fcr ihn bestimmte Angebot Dritten zur Kenntnis gibt und hierdurch ein Vertrag zustande kommt.<\/p>\n<p><strong>9. Beurkundung<\/strong><\/p>\n<p>Der Makler hat Anspruch auf Teilnahme am Beurkundungstermin und auf eine Ausfertigung der Verkaufsvertragsurkunde.<\/p>\n<p><strong>10. Datenschutz<\/strong><\/p>\n<p>Alle personen- und objektbezogenen Daten werden ausschlie\u00dflich nur f\u00fcr die Bearbeitung des Auftrags verwendet. Der Auftraggeber willigt der Datenweitergabe an Dritte zu, sofern dies f\u00fcr die Erf\u00fcllung des Auftrags erforderlich ist. Eine andere Weitergabe der Daten erfolgt nicht.<\/p>\n<p><strong>11. Erf\u00fcllungsort und Gerichtsstand<\/strong><\/p>\n<p>Erf\u00fcllungsort und Gerichtsstand ist Krefeld.<\/p>\n<p><strong>12. Salvatorische Klausel<\/strong><\/p>\n<p>Sollten einzelne Bestimmungen dieses Vertrages unwirksam oder undurchf\u00fchrbar sein bzw. nach Vertragsschluss unwirksam oder undurchf\u00fchrbar werden, so wird dadurch die Wirksamkeit des Vertrags im \u00dcbrigen nicht ber\u00fchrt. Anstelle der unwirksamen oder undurchf\u00fchrbaren Bestimmung soll diejenige wirksame und durchf\u00fchrbare Regelung treten, deren Wirkungen der wirtschaftlichen Zielsetzung m\u00f6glichst nahe kommt, die die Vertragsparteien mit der unwirksamen beziehungsweise undurchf\u00fchrbaren Bestimmung verfolgt haben. Die vorstehenden Bestimmungen gelten also entsprechend f\u00fcr den Fall, dass sich der Vertrag als l\u00fcckenhaft erweist.<\/p>\n<p><strong>Widerrufsrecht f\u00fcr Verbraucher<\/strong><\/p>\n<p>Sie haben das Recht, binnen vierzehn Tagen ohne Angaben von Gr\u00fcnden diesen Vertrag zu widerrufen. Das Widerrufsfrist betr\u00e4gt vierzehn Tage ab dem Tag des Vertragsabschlusses.<\/p>\n<p>Um Ihr Widerrufsrecht auszu\u00fcben, m\u00fcssen Sie uns ( J\u00fcrgen Schreiber Immobilien, Erich-Klausener-Stra\u00dfe 3, 47802 Krefeld Tel. 02151 3273527 info@immobilien-schreiber.com) mittels einer eindeutigen Erkl\u00e4rung (z.B. ein mit der Post versandter Brief, Telefax oder E-Mail) \u00fcber Ihren Entschluss, diesen Vertrag zu widerrufen, informieren. Zur Wahrung der Widerrufsfrist reicht es aus, dass Sie die Mitteilung \u00fcber die Aus\u00fcbung des Widerrufsrecht vor Ablauf der Widerrufsfrist absenden.<\/p>\n<p><strong>Folgen des Widerrufs<\/strong><\/p>\n<p>Wenn Sie diesen Vertrag widerrufen, haben wir Ihnen alle Zahlungen, die wir von Ihnen erhalten haben, einschlie\u00dflich der Lieferkosten ( mit Ausnahme der zus\u00e4tzlichen Kosten, die sich daraus ergeben, dass Sie eine andere Art der Lieferung als die von uns angebotene, g\u00fcnstige Standardlieferung gew\u00e4hlt haben), unverz\u00fcglich und sp\u00e4testens binnen vierzehn Tagen ab dem Tag zur\u00fcckzahlen, an dem die Mitteilung \u00fcber Ihr Widerruf dieses Vertrages bei uns eingegangen ist. F\u00fcr diese R\u00fcckzahlung verwenden wir das selbe Zahlungsmittel, das Sie bei der urspr\u00fcnglichen Transaktion eingesetzt haben, es sei denn, mit Ihnen wurde ausdr\u00fccklich etwas anderes vereinbart; in keinem Fall werden Ihnen wegen dieser R\u00fcckzahlung Entgelte berechnet. Haben Sie verlangt dass die Dienstleistung w\u00e4hrend der Widerrufsfrist beginnen soll, so haben Sie uns einen angemessenen Betrag zu zahlen, der dem Anteil der bis zu dem Zeitpunkt, zu dem Sie uns von der Aus\u00fcbung des Widerrufsrecht hinsichtlich dieses Vertrages unterrichten, bereits erbrachten Dienstleistungen im Vergleich zum Gesamtumfang der im Vertrag vorgesehenen Dienstleistungen entspricht.<\/p>\n<\/div>\n<\/div>\n<\/div><\/section><\/div>\n","protected":false},"excerpt":{"rendered":"","protected":false},"author":1,"featured_media":0,"parent":0,"menu_order":0,"comment_status":"closed","ping_status":"closed","template":"","meta":{"footnotes":""},"class_list":["post-117","page","type-page","status-publish","hentry"],"yoast_head":"<!-- This site is optimized with the Yoast SEO plugin v25.7 - https:\/\/yoast.com\/wordpress\/plugins\/seo\/ -->\n<title>AGB - J\u00fcrgen Schreiber Immobilien (2021)<\/title>\n<meta name=\"robots\" content=\"index, follow, max-snippet:-1, max-image-preview:large, max-video-preview:-1\" \/>\n<link rel=\"canonical\" href=\"https:\/\/www.immobilien-schreiber.com\/2021\/agb\/\" \/>\n<meta property=\"og:locale\" content=\"de_DE\" \/>\n<meta property=\"og:type\" content=\"article\" \/>\n<meta property=\"og:title\" content=\"AGB - J\u00fcrgen Schreiber Immobilien (2021)\" \/>\n<meta property=\"og:url\" content=\"https:\/\/www.immobilien-schreiber.com\/2021\/agb\/\" \/>\n<meta property=\"og:site_name\" content=\"J\u00fcrgen Schreiber Immobilien (2021)\" \/>\n<meta property=\"article:modified_time\" content=\"2024-06-10T12:54:52+00:00\" \/>\n<meta name=\"twitter:card\" content=\"summary_large_image\" \/>\n<meta name=\"twitter:label1\" content=\"Gesch\u00e4tzte Lesezeit\" \/>\n\t<meta name=\"twitter:data1\" content=\"5\u00a0Minuten\" \/>\n<script type=\"application\/ld+json\" class=\"yoast-schema-graph\">{\"@context\":\"https:\/\/schema.org\",\"@graph\":[{\"@type\":\"WebPage\",\"@id\":\"https:\/\/www.immobilien-schreiber.com\/2021\/agb\/\",\"url\":\"https:\/\/www.immobilien-schreiber.com\/2021\/agb\/\",\"name\":\"AGB - J\u00fcrgen Schreiber Immobilien (2021)\",\"isPartOf\":{\"@id\":\"https:\/\/www.immobilien-schreiber.com\/2021\/#website\"},\"datePublished\":\"2021-02-09T14:35:27+00:00\",\"dateModified\":\"2024-06-10T12:54:52+00:00\",\"breadcrumb\":{\"@id\":\"https:\/\/www.immobilien-schreiber.com\/2021\/agb\/#breadcrumb\"},\"inLanguage\":\"de\",\"potentialAction\":[{\"@type\":\"ReadAction\",\"target\":[\"https:\/\/www.immobilien-schreiber.com\/2021\/agb\/\"]}]},{\"@type\":\"BreadcrumbList\",\"@id\":\"https:\/\/www.immobilien-schreiber.com\/2021\/agb\/#breadcrumb\",\"itemListElement\":[{\"@type\":\"ListItem\",\"position\":1,\"name\":\"Startseite\",\"item\":\"https:\/\/www.immobilien-schreiber.com\/2021\/immobilienmakler-krefeld\/\"},{\"@type\":\"ListItem\",\"position\":2,\"name\":\"AGB\"}]},{\"@type\":\"WebSite\",\"@id\":\"https:\/\/www.immobilien-schreiber.com\/2021\/#website\",\"url\":\"https:\/\/www.immobilien-schreiber.com\/2021\/\",\"name\":\"J\u00fcrgen Schreiber Immobilien (2021)\",\"description\":\"Unsere Kompetenz, Ihre Sicherheit\",\"publisher\":{\"@id\":\"https:\/\/www.immobilien-schreiber.com\/2021\/#organization\"},\"potentialAction\":[{\"@type\":\"SearchAction\",\"target\":{\"@type\":\"EntryPoint\",\"urlTemplate\":\"https:\/\/www.immobilien-schreiber.com\/2021\/?s={search_term_string}\"},\"query-input\":{\"@type\":\"PropertyValueSpecification\",\"valueRequired\":true,\"valueName\":\"search_term_string\"}}],\"inLanguage\":\"de\"},{\"@type\":\"Organization\",\"@id\":\"https:\/\/www.immobilien-schreiber.com\/2021\/#organization\",\"name\":\"J\u00fcrgen Schreiber Immobilien (2021)\",\"url\":\"https:\/\/www.immobilien-schreiber.com\/2021\/\",\"logo\":{\"@type\":\"ImageObject\",\"inLanguage\":\"de\",\"@id\":\"https:\/\/www.immobilien-schreiber.com\/2021\/#\/schema\/logo\/image\/\",\"url\":\"https:\/\/www.immobilien-schreiber.com\/2021\/wp-content\/uploads\/2021\/02\/RZ_LOGO_Juergen-Schreiber-Imobilien-Logo_ertellt-von-kreativWerbung-eu_11-8-2014_RZ-scaled.jpg\",\"contentUrl\":\"https:\/\/www.immobilien-schreiber.com\/2021\/wp-content\/uploads\/2021\/02\/RZ_LOGO_Juergen-Schreiber-Imobilien-Logo_ertellt-von-kreativWerbung-eu_11-8-2014_RZ-scaled.jpg\",\"width\":2560,\"height\":1137,\"caption\":\"J\u00fcrgen Schreiber Immobilien (2021)\"},\"image\":{\"@id\":\"https:\/\/www.immobilien-schreiber.com\/2021\/#\/schema\/logo\/image\/\"}}]}<\/script>\n<!-- \/ Yoast SEO plugin. -->","yoast_head_json":{"title":"AGB - J\u00fcrgen Schreiber Immobilien (2021)","robots":{"index":"index","follow":"follow","max-snippet":"max-snippet:-1","max-image-preview":"max-image-preview:large","max-video-preview":"max-video-preview:-1"},"canonical":"https:\/\/www.immobilien-schreiber.com\/2021\/agb\/","og_locale":"de_DE","og_type":"article","og_title":"AGB - J\u00fcrgen Schreiber Immobilien (2021)","og_url":"https:\/\/www.immobilien-schreiber.com\/2021\/agb\/","og_site_name":"J\u00fcrgen Schreiber Immobilien (2021)","article_modified_time":"2024-06-10T12:54:52+00:00","twitter_card":"summary_large_image","twitter_misc":{"Gesch\u00e4tzte Lesezeit":"5\u00a0Minuten"},"schema":{"@context":"https:\/\/schema.org","@graph":[{"@type":"WebPage","@id":"https:\/\/www.immobilien-schreiber.com\/2021\/agb\/","url":"https:\/\/www.immobilien-schreiber.com\/2021\/agb\/","name":"AGB - J\u00fcrgen Schreiber Immobilien (2021)","isPartOf":{"@id":"https:\/\/www.immobilien-schreiber.com\/2021\/#website"},"datePublished":"2021-02-09T14:35:27+00:00","dateModified":"2024-06-10T12:54:52+00:00","breadcrumb":{"@id":"https:\/\/www.immobilien-schreiber.com\/2021\/agb\/#breadcrumb"},"inLanguage":"de","potentialAction":[{"@type":"ReadAction","target":["https:\/\/www.immobilien-schreiber.com\/2021\/agb\/"]}]},{"@type":"BreadcrumbList","@id":"https:\/\/www.immobilien-schreiber.com\/2021\/agb\/#breadcrumb","itemListElement":[{"@type":"ListItem","position":1,"name":"Startseite","item":"https:\/\/www.immobilien-schreiber.com\/2021\/immobilienmakler-krefeld\/"},{"@type":"ListItem","position":2,"name":"AGB"}]},{"@type":"WebSite","@id":"https:\/\/www.immobilien-schreiber.com\/2021\/#website","url":"https:\/\/www.immobilien-schreiber.com\/2021\/","name":"J\u00fcrgen Schreiber Immobilien (2021)","description":"Unsere Kompetenz, Ihre Sicherheit","publisher":{"@id":"https:\/\/www.immobilien-schreiber.com\/2021\/#organization"},"potentialAction":[{"@type":"SearchAction","target":{"@type":"EntryPoint","urlTemplate":"https:\/\/www.immobilien-schreiber.com\/2021\/?s={search_term_string}"},"query-input":{"@type":"PropertyValueSpecification","valueRequired":true,"valueName":"search_term_string"}}],"inLanguage":"de"},{"@type":"Organization","@id":"https:\/\/www.immobilien-schreiber.com\/2021\/#organization","name":"J\u00fcrgen Schreiber Immobilien (2021)","url":"https:\/\/www.immobilien-schreiber.com\/2021\/","logo":{"@type":"ImageObject","inLanguage":"de","@id":"https:\/\/www.immobilien-schreiber.com\/2021\/#\/schema\/logo\/image\/","url":"https:\/\/www.immobilien-schreiber.com\/2021\/wp-content\/uploads\/2021\/02\/RZ_LOGO_Juergen-Schreiber-Imobilien-Logo_ertellt-von-kreativWerbung-eu_11-8-2014_RZ-scaled.jpg","contentUrl":"https:\/\/www.immobilien-schreiber.com\/2021\/wp-content\/uploads\/2021\/02\/RZ_LOGO_Juergen-Schreiber-Imobilien-Logo_ertellt-von-kreativWerbung-eu_11-8-2014_RZ-scaled.jpg","width":2560,"height":1137,"caption":"J\u00fcrgen Schreiber Immobilien (2021)"},"image":{"@id":"https:\/\/www.immobilien-schreiber.com\/2021\/#\/schema\/logo\/image\/"}}]}},"_links":{"self":[{"href":"https:\/\/www.immobilien-schreiber.com\/2021\/wp-json\/wp\/v2\/pages\/117","targetHints":{"allow":["GET"]}}],"collection":[{"href":"https:\/\/www.immobilien-schreiber.com\/2021\/wp-json\/wp\/v2\/pages"}],"about":[{"href":"https:\/\/www.immobilien-schreiber.com\/2021\/wp-json\/wp\/v2\/types\/page"}],"author":[{"embeddable":true,"href":"https:\/\/www.immobilien-schreiber.com\/2021\/wp-json\/wp\/v2\/users\/1"}],"replies":[{"embeddable":true,"href":"https:\/\/www.immobilien-schreiber.com\/2021\/wp-json\/wp\/v2\/comments?post=117"}],"version-history":[{"count":5,"href":"https:\/\/www.immobilien-schreiber.com\/2021\/wp-json\/wp\/v2\/pages\/117\/revisions"}],"predecessor-version":[{"id":6224,"href":"https:\/\/www.immobilien-schreiber.com\/2021\/wp-json\/wp\/v2\/pages\/117\/revisions\/6224"}],"wp:attachment":[{"href":"https:\/\/www.immobilien-schreiber.com\/2021\/wp-json\/wp\/v2\/media?parent=117"}],"curies":[{"name":"wp","href":"https:\/\/api.w.org\/{rel}","templated":true}]}}